{"id":3594,"date":"2018-09-29T01:19:21","date_gmt":"2018-09-28T21:19:21","guid":{"rendered":"https:\/\/medanthro.ru\/?page_id=3594"},"modified":"2021-05-11T21:02:41","modified_gmt":"2021-05-11T17:02:41","slug":"%d0%b8%d1%81%d1%86%d0%b5%d0%bb%d1%8f%d1%8e%d1%89%d0%b0%d1%8f-%d1%81%d0%b8%d0%bb%d0%b0-%d1%82%d1%80%d0%b0%d0%b4%d0%b8%d1%86%d0%b8%d0%be%d0%bd%d0%bd%d0%be%d0%b3%d0%be-%d0%bf%d0%b5%d0%bd%d0%b8%d1%8f","status":"publish","type":"page","link":"https:\/\/medanthro.ru\/?page_id=3594","title":{"rendered":"\u0418\u0421\u0426\u0415\u041b\u042f\u042e\u0429\u0410\u042f \u0421\u0418\u041b\u0410 \u0422\u0420\u0410\u0414\u0418\u0426\u0418\u041e\u041d\u041d\u041e\u0413\u041e \u041f\u0415\u041d\u0418\u042f  \u0418 \u0427\u0415\u041b\u041e\u0412\u0415\u0427\u0415\u0421\u041a\u041e\u0413\u041e \u0413\u041e\u041b\u041e\u0421\u0410  \u0412 \u0412\u0415\u041d\u0413\u0415\u0420\u0421\u041a\u041e\u0419 \u041a\u0423\u041b\u042c\u0422\u0423\u0420\u0415"},"content":{"rendered":"<p><\/p>\n<p style=\"text-align: justify;\"><strong>\u00a9 2018\u00a0<\/strong>\u0418\u0440\u0435\u043d \u041b\u041e\u0412\u0410\u0421<\/p>\n<p style=\"text-align: justify;\"><i>\u041c\u0410\u0438\u0411 2018 \u2014 \u21161 (15)<\/i><\/p>\n<hr \/>\n<p style=\"text-align: justify;\"><strong><em><a href=\"https:\/\/medanthro.ru\/wp-content\/uploads\/2018\/11\/\u0421\u043d\u0438\u043c\u043e\u043a-\u044d\u043a\u0440\u0430\u043d\u0430-2018-11-15-\u0432-22.12.25.png\"><img loading=\"lazy\" decoding=\"async\" class=\"size-medium wp-image-3808 alignleft\" src=\"https:\/\/medanthro.ru\/wp-content\/uploads\/2018\/11\/\u0421\u043d\u0438\u043c\u043e\u043a-\u044d\u043a\u0440\u0430\u043d\u0430-2018-11-15-\u0432-22.12.25-278x300.png\" alt=\"\" width=\"278\" height=\"300\" srcset=\"https:\/\/medanthro.ru\/wp-content\/uploads\/2018\/11\/\u0421\u043d\u0438\u043c\u043e\u043a-\u044d\u043a\u0440\u0430\u043d\u0430-2018-11-15-\u0432-22.12.25-278x300.png 278w, https:\/\/medanthro.ru\/wp-content\/uploads\/2018\/11\/\u0421\u043d\u0438\u043c\u043e\u043a-\u044d\u043a\u0440\u0430\u043d\u0430-2018-11-15-\u0432-22.12.25.png 656w\" sizes=\"auto, (max-width: 278px) 100vw, 278px\" \/><\/a>\u041a\u043b\u044e\u0447\u0435\u0432\u044b\u0435 \u0441\u043b\u043e\u0432\u0430<\/em><\/strong>: \u0442\u0440\u0430\u0434\u0438\u0446\u0438\u043e\u043d\u043d\u043e\u0435 \u043f\u0435\u043d\u0438\u0435, \u0447\u0435\u043b\u043e\u0432\u0435\u0447\u0435\u0441\u043a\u0438\u0439 \u0433\u043e\u043b\u043e\u0441, \u0442\u0435\u0440\u0430\u043f\u0438\u044f \u0433\u043e\u043b\u043e\u0441\u043e\u043c, \u043d\u0430\u0440\u043e\u0434\u043d\u044b\u0435 \u043f\u0435\u0441\u043d\u0438, \u0438\u0434\u0435\u043d\u0442\u0438\u0447\u043d\u043e\u0441\u0442\u044c, \u0440\u0435\u0437\u043e\u043d\u0430\u043d\u0441, \u0442\u0435\u043b\u043e \u0438 \u0434\u0443\u0448\u0430, \u0438\u0441\u0446\u0435\u043b\u044f\u044e\u0449\u0438\u0435 \u0433\u043e\u043b\u043e\u0441\u0430<\/p>\n<p style=\"text-align: justify;\"><strong><em>\u0410\u043d\u043d\u043e\u0442\u0430\u0446\u0438\u044f: <\/em><\/strong>\u0412 \u0441\u0442\u0430\u0442\u044c\u0435 \u0430\u0432\u0442\u043e\u0440 \u2013 \u043a\u0443\u043b\u044c\u0442\u0443\u0440\u043d\u044b\u0439 \u0430\u043d\u0442\u0440\u043e\u043f\u043e\u043b\u043e\u0433 \u0438 \u0438\u0441\u043f\u043e\u043b\u043d\u0438\u0442\u0435\u043b\u044c\u043d\u0438\u0446\u0430 \u043d\u0430\u0440\u043e\u0434\u043d\u044b\u0445 \u043f\u0435\u0441\u0435\u043d \u2013 \u0440\u0430\u0441\u0441\u043c\u0430\u0442\u0440\u0438\u0432\u0430\u0435\u0442 \u043e\u0441\u043e\u0431\u0435\u043d\u043d\u043e\u0441\u0442\u0438 \u043d\u0430\u0440\u043e\u0434\u043d\u043e\u0433\u043e \u043f\u043b\u0430\u0447\u0430\/\u043f\u0440\u0438\u0447\u0438\u0442\u0430\u043d\u0438\u044f \u0438 \u043d\u0430\u0440\u043e\u0434\u043d\u044b\u0445 \u043f\u0435\u0441\u0435\u043d \u043a\u0430\u043a \u043e\u0441\u043e\u0431\u044b\u0439 \u0432\u0430\u0440\u0438\u0430\u043d\u0442 \u043a\u0443\u043b\u044c\u0442\u0443\u0440\u043d\u043e\u0439 \u043a\u043e\u043c\u043c\u0443\u043d\u0438\u043a\u0430\u0446\u0438\u0438 \u0438 \u0442\u0435\u0440\u0430\u043f\u0435\u0432\u0442\u0438\u0447\u0435\u0441\u043a\u043e\u0439 \u043f\u0440\u0430\u043a\u0442\u0438\u043a\u0438. \u0420\u0430\u0431\u043e\u0442\u0430 \u0432\u044b\u043f\u043e\u043b\u043d\u0435\u043d\u0430 \u043d\u0430 \u043e\u0441\u043d\u043e\u0432\u0435 \u0432\u0435\u043d\u0433\u0435\u0440\u0441\u043a\u0438\u0445 \u043c\u0430\u0442\u0435\u0440\u0438\u0430\u043b\u043e\u0432. \u041f\u0440\u0438\u0432\u043e\u0434\u044f\u0442\u0441\u044f \u043a\u043e\u043d\u043a\u0440\u0435\u0442\u043d\u044b\u0435 \u0441\u043b\u0443\u0447\u0430\u0438 \u043f\u0440\u0430\u043a\u0442\u0438\u0447\u0435\u0441\u043a\u043e\u0433\u043e \u043f\u0440\u0438\u043c\u0435\u043d\u0435\u043d\u0438\u044f \u0438\u0441\u043f\u043e\u043b\u043d\u0438\u0442\u0435\u043b\u044c\u0441\u043a\u043e\u0433\u043e \u0438\u0441\u043a\u0443\u0441\u0441\u0442\u0432\u0430 \u043f\u0440\u0438 \u043a\u043b\u0438\u043d\u0438\u0447\u0435\u0441\u043a\u043e\u0439 \u0442\u0435\u0440\u0430\u043f\u0438\u0438.<\/p>\n<hr \/>\n<p style=\"text-align: justify;\">\u041f\u043e\u0441\u043b\u0435 \u043d\u0435\u0441\u043a\u043e\u043b\u044c\u043a\u0438\u0445 \u0432\u0432\u043e\u0434\u043d\u044b\u0445 \u0437\u0430\u043c\u0435\u0447\u0430\u043d\u0438\u0439 \u043e \u0442\u0440\u0430\u0434\u0438\u0446\u0438\u044f\u0445, \u0437\u0434\u043e\u0440\u043e\u0432\u044c\u0435 \u0438 \u0446\u0438\u0432\u0438\u043b\u0438\u0437\u0430\u0446\u0438\u0438, \u0432 \u0441\u0442\u0430\u0442\u044c\u0435 \u0434\u0430\u0435\u0442\u0441\u044f \u044d\u0442\u043d\u043e\u0433\u0440\u0430\u0444\u0438\u0447\u0435\u0441\u043a\u0438\u0439 \u0430\u043d\u0430\u043b\u0438\u0437 \u0442\u0440\u0430\u0434\u0438\u0446\u0438\u043e\u043d\u043d\u043e\u0439 \u0441\u0438\u043b\u044b \u043f\u0435\u043d\u0438\u044f.<\/p>\n<p style=\"text-align: justify;\">\u0412 \u0441\u043e\u043e\u0442\u0432\u0435\u0442\u0441\u0442\u0432\u0438\u0438 \u0441 \u0443\u043d\u0438\u0432\u0435\u0440\u0441\u0430\u043b\u044c\u043d\u043e\u0439 \u0444\u0443\u043d\u043a\u0446\u0438\u0435\u0439 \u043f\u043e\u044d\u0437\u0438\u0438, \u043d\u0430\u0440\u043e\u0434\u043d\u044b\u0435 \u043f\u0435\u0441\u043d\u0438, \u043f\u0440\u0435\u0438\u043c\u0443\u0449\u0435\u0441\u0442\u0432\u0435\u043d\u043d\u043e \u043f\u043b\u0430\u0447\u0438, \u044f\u0432\u043b\u044f\u044e\u0442\u0441\u044f \u0438\u043d\u0441\u0442\u0440\u0443\u043c\u0435\u043d\u0442\u0430\u043c\u0438 \u0441\u0430\u043c\u043e\u0432\u044b\u0440\u0430\u0436\u0435\u043d\u0438\u044f, \u0441\u0430\u043c\u043e\u0440\u0435\u0444\u043b\u0435\u043a\u0441\u0438\u0438, \u043f\u0440\u043e\u044f\u0432\u043b\u0435\u043d\u0438\u044f \u043e\u0442\u043d\u043e\u0448\u0435\u043d\u0438\u044f \u00ab\u042f\u00bb \u043a \u043c\u0438\u0440\u0443. \u0414\u0440\u0443\u0433\u0438\u043c\u0438 \u0441\u043b\u043e\u0432\u0430\u043c\u0438, \u043d\u0430\u0440\u043e\u0434\u043d\u044b\u0435 \u043f\u0435\u0441\u043d\u0438 \u044f\u0432\u043b\u044f\u044e\u0442\u0441\u044f \u043e\u0441\u043d\u043e\u0432\u043d\u044b\u043c\u0438 \u043a\u0430\u043d\u0430\u043b\u0430\u043c\u0438 \u0447\u0435\u043b\u043e\u0432\u0435\u0447\u0435\u0441\u043a\u043e\u0439 \u043a\u043e\u043c\u043c\u0443\u043d\u0438\u043a\u0430\u0446\u0438\u0438.<\/p>\n<p style=\"text-align: justify;\">\u0410\u0432\u0442\u043e\u0440 \u0438\u043c\u0435\u0435\u0442 \u043e\u043f\u044b\u0442 \u043e\u0434\u043d\u043e\u0432\u0440\u0435\u043c\u0435\u043d\u043d\u043e \u043f\u0435\u0432\u0446\u0430 \u0438 \u043a\u0443\u043b\u044c\u0442\u0443\u0440\u043d\u043e\u0433\u043e \u0430\u043d\u0442\u0440\u043e\u043f\u043e\u043b\u043e\u0433\u0430, \u0438\u0441\u0441\u043b\u0435\u0434\u0443\u044e\u0449\u0435\u0433\u043e \u043d\u0430\u0440\u043e\u0434\u043d\u0443\u044e \u0440\u0435\u043b\u0438\u0433\u0438\u043e\u0437\u043d\u043e\u0441\u0442\u044c \u0438 \u0441\u0430\u043a\u0440\u0430\u043b\u044c\u043d\u0443\u044e \u043a\u043e\u043c\u043c\u0443\u043d\u0438\u043a\u0430\u0446\u0438\u044e, \u0432\u043e\u0437\u043c\u043e\u0436\u043d\u043e\u0441\u0442\u0438 \u0438\u0441\u043f\u043e\u043b\u044c\u0437\u043e\u0432\u0430\u043d\u0438\u044f \u0447\u0435\u043b\u043e\u0432\u0435\u0447\u0435\u0441\u043a\u043e\u0433\u043e \u0433\u043e\u043b\u043e\u0441\u0430 \u0432 \u0441\u0438\u0442\u0443\u0430\u0446\u0438\u044f\u0445 \u0436\u0438\u0437\u043d\u0438 \u0438 \u0441\u043c\u0435\u0440\u0442\u0438 \u0438 \u0432 \u0434\u0440\u0443\u0433\u0438\u0445 \u043e\u043f\u0440\u0435\u0434\u0435\u043b\u044f\u044e\u0449\u0438\u0445 \u0441\u043e\u0431\u044b\u0442\u0438\u044f\u0445, \u043a\u043e\u0442\u043e\u0440\u044b\u0435 \u0444\u043e\u0440\u043c\u0438\u0440\u0443\u044e\u0442 \u0438 \u0438\u0437\u043c\u0435\u043d\u044f\u044e\u0442 \u0441\u0443\u0434\u044c\u0431\u0443 \u0447\u0435\u043b\u043e\u0432\u0435\u043a\u0430.<\/p>\n<p style=\"text-align: justify;\">\u0412 \u0440\u0430\u0437\u043d\u044b\u0445 \u0444\u043e\u043b\u044c\u043a\u043b\u043e\u0440\u043d\u044b\u0445 \u0442\u0440\u0430\u0434\u0438\u0446\u0438\u044f\u0445, \u0440\u0430\u0432\u043d\u043e \u043a\u0430\u043a \u0438 \u0432 \u0432\u0435\u043d\u0433\u0435\u0440\u0441\u043a\u043e\u0439 \u043d\u0430\u0440\u043e\u0434\u043d\u043e\u0439 \u043f\u043e\u044d\u0437\u0438\u0438, \u043c\u043e\u0436\u043d\u043e \u043d\u0430\u0439\u0442\u0438 \u0442\u0435\u043a\u0441\u0442\u044b, \u043c\u0435\u043b\u043e\u0434\u0438\u0438 \u0438 \u043f\u0435\u0441\u043d\u0438, \u0438\u0441\u043f\u043e\u043b\u043d\u0435\u043d\u0438\u0435 \u043a\u043e\u0442\u043e\u0440\u044b\u0445, \u0432 \u043e\u0441\u043d\u043e\u0432\u043d\u043e\u043c \u0436\u0435\u043d\u0449\u0438\u043d\u0430\u043c\u0438, \u043f\u043e\u043c\u043e\u0433\u0430\u043b\u043e \u0432\u043e\u0441\u0441\u0442\u0430\u043d\u0430\u0432\u043b\u0438\u0432\u0430\u0442\u044c \u0444\u0438\u0437\u0438\u0447\u0435\u0441\u043a\u043e\u0435 \u0438 \u043f\u0441\u0438\u0445\u0438\u0447\u0435\u0441\u043a\u043e\u0435 \u0437\u0434\u043e\u0440\u043e\u0432\u044c\u0435 \u043d\u0430 \u043f\u0440\u043e\u0442\u044f\u0436\u0435\u043d\u0438\u0438 \u043c\u043d\u043e\u0433\u0438\u0445 \u0441\u0442\u043e\u043b\u0435\u0442\u0438\u0439. \u0412 \u0442\u0440\u0430\u0434\u0438\u0446\u0438\u043e\u043d\u043d\u044b\u0445 \u043a\u0443\u043b\u044c\u0442\u0443\u0440\u0430\u0445 <em>\u0441\u0430\u043a\u0440\u0430\u043b\u044c\u043d\u043e\u0435<\/em>\u0441\u043b\u0443\u0436\u0438\u0442 \u043e\u043f\u043e\u0440\u043d\u044b\u043c \u0441\u0442\u043e\u043b\u043f\u043e\u043c \u043f\u043e\u0440\u044f\u0434\u043a\u0430 \u0438 \u0435\u0434\u0438\u043d\u0441\u0442\u0432\u0430 \u0432 \u043c\u0438\u0440\u0435, \u0432\u043e\u0441\u0441\u0442\u0430\u043d\u0430\u0432\u043b\u0438\u0432\u0430\u0435\u0442 \u0432\u043d\u0443\u0442\u0440\u0435\u043d\u043d\u044e\u044e \u0433\u0430\u0440\u043c\u043e\u043d\u0438\u044e.<\/p>\n<p style=\"text-align: justify;\">\u0410\u0432\u0442\u043e\u0440 \u043f\u0440\u0435\u0434\u043b\u0430\u0433\u0430\u0435\u0442 \u043f\u043e\u0437\u043d\u0430\u043a\u043e\u043c\u0438\u0442\u044c\u0441\u044f \u0441 \u0447\u0435\u0442\u044b\u0440\u044c\u043c\u044f \u0447\u0430\u0441\u0442\u044f\u043c\u0438 \u0441\u0432\u043e\u0435\u0433\u043e \u043a\u043e\u043c\u043f\u0430\u043a\u0442-\u0434\u0438\u0441\u043a\u0430 \u043f\u043e\u0434 \u043d\u0430\u0437\u0432\u0430\u043d\u0438\u0435\u043c \u00ab\u0418\u0441\u0446\u0435\u043b\u044f\u044e\u0449\u0438\u0435 \u0433\u043e\u043b\u043e\u0441\u0430: \u0441\u0432\u044f\u0449\u0435\u043d\u043d\u044b\u0439 \u0433\u043e\u043b\u043e\u0441\u00bb, \u00ab\u0412\u043d\u0443\u0442\u0440\u0435\u043d\u043d\u0438\u0439 \u0433\u043e\u043b\u043e\u0441\u00bb, \u00ab\u0416\u0435\u043d\u0441\u043a\u0438\u0439 \u0433\u043e\u043b\u043e\u0441\u00bb, \u00ab\u0418\u0441\u0446\u0435\u043b\u044f\u044e\u0449\u0438\u0439 \u0433\u043e\u043b\u043e\u0441\u00bb. \u041e\u0441\u043d\u043e\u0432\u043d\u0430\u044f \u0438\u0434\u0435\u044f \u0437\u0430\u043a\u043b\u044e\u0447\u0430\u0435\u0442\u0441\u044f \u0432 \u0442\u043e\u043c, \u0447\u0442\u043e \u0447\u0435\u043b\u043e\u0432\u0435\u0447\u0435\u0441\u043a\u0438\u0439 \u0433\u043e\u043b\u043e\u0441 \u0441\u043f\u043e\u0441\u043e\u0431\u0435\u043d \u0438\u0441\u0446\u0435\u043b\u044f\u0442\u044c, \u043a\u043e\u0433\u0434\u0430 \u0432\u044b \u0435\u0433\u043e \u0441\u043b\u0443\u0448\u0430\u0435\u0442\u0435; \u043d\u0430\u0438\u0431\u043e\u043b\u0435\u0435 \u044d\u0444\u0444\u0435\u043a\u0442\u0438\u0432\u043d\u043e \u2013 \u043f\u0435\u043d\u0438\u0435, \u0442.\u0435. \u043a\u043e\u0433\u0434\u0430 \u0432\u044b \u043f\u043e\u0435\u0442\u0435 \u0441\u0430\u043c\u0438.<\/p>\n<p style=\"text-align: justify;\">\u0425\u043e\u0440\u043e\u0448\u0430\u044f \u043c\u0443\u0437\u044b\u043a\u0430 \u2013 \u0440\u0435\u0437\u0443\u043b\u044c\u0442\u0430\u0442 \u0433\u0430\u0440\u043c\u043e\u043d\u0438\u0438 \u0434\u0443\u0445\u043e\u0432\u043d\u044b\u0445 \u0438 \u0444\u0438\u0437\u0438\u0447\u0435\u0441\u043a\u0438\u0445 \u0432\u0438\u0431\u0440\u0430\u0446\u0438\u0439. \u0424\u0438\u0437\u0438\u0447\u0435\u0441\u043a\u0438\u0435 \u0437\u0432\u0443\u043a\u043e\u0432\u044b\u0435 \u0432\u043e\u043b\u043d\u044b, \u043f\u043e\u043b\u0430\u0433\u0430\u0435\u0442 \u0430\u0432\u0442\u043e\u0440, \u0437\u0432\u0443\u0447\u0430\u0442 \u0432 \u0442\u043e\u043d \u00ab\u043d\u0430\u0448\u0438\u043c \u0441\u0442\u0440\u0443\u043d\u0430\u043c\u00bb. \u041a\u043e\u0433\u0434\u0430 \u043c\u044b \u0437\u0430\u0431\u043e\u043b\u0435\u0432\u0430\u0435\u043c, \u0440\u0430\u0432\u043d\u043e\u0432\u0435\u0441\u0438\u0435 \u043d\u0430\u0440\u0443\u0448\u0430\u0435\u0442\u0441\u044f, \u0438 \u043c\u044b \u0434\u043e\u043b\u0436\u043d\u044b \u043f\u0440\u0438\u0432\u0435\u0441\u0442\u0438 \u0435\u0433\u043e \u0432 \u0431\u0430\u043b\u0430\u043d\u0441. \u0412 \u044d\u0442\u043e\u043c \u043f\u0440\u043e\u0446\u0435\u0441\u0441\u0435 \u043f\u0435\u043d\u0438\u0435 \u0438\u0433\u0440\u0430\u0435\u0442 \u0442\u0435\u0440\u0430\u043f\u0435\u0432\u0442\u0438\u0447\u0435\u0441\u043a\u0443\u044e \u0440\u043e\u043b\u044c.<\/p>\n<p style=\"text-align: justify;\">\u0412 \u0441\u0442\u0430\u0442\u044c\u0435 \u0442\u0430\u043a\u0436\u0435 \u043f\u0440\u0438\u0432\u043e\u0434\u044f\u0442\u0441\u044f \u043f\u0440\u0438\u043c\u0435\u0440\u044b \u043f\u0440\u0430\u043a\u0442\u0438\u0447\u0435\u0441\u043a\u043e\u0433\u043e \u043f\u0440\u0438\u043c\u0435\u043d\u0435\u043d\u0438\u044f CDInner Voice \u0432 \u0440\u0430\u0437\u043b\u0438\u0447\u043d\u044b\u0445 \u0441\u043e\u0432\u0440\u0435\u043c\u0435\u043d\u043d\u044b\u0445 \u0442\u0435\u0440\u0430\u043f\u0435\u0432\u0442\u0438\u0447\u0435\u0441\u043a\u0438\u0445 \u0443\u0441\u043b\u043e\u0432\u0438\u044f\u0445, \u043d\u0430\u043f\u0440\u0438\u043c\u0435\u0440, \u0432\u043e \u0432\u0440\u0435\u043c\u044f \u043a\u043b\u0438\u043d\u0438\u0447\u0435\u0441\u043a\u043e\u0439 \u0442\u0435\u0440\u0430\u043f\u0438\u0438 \u0434\u0435\u0432\u043e\u0447\u0435\u043a-\u043f\u043e\u0434\u0440\u043e\u0441\u0442\u043a\u043e\u0432, \u0441\u0442\u0440\u0430\u0434\u0430\u044e\u0449\u0438\u0445 \u043e\u0442 \u043d\u0435\u0440\u0432\u043d\u043e\u0439 \u0430\u043d\u043e\u0440\u0435\u043a\u0441\u0438\u0438.<\/p>\n<p style=\"text-align: justify;\">\u041d\u0430\u043a\u043e\u043d\u0435\u0446, \u0432 \u0441\u0442\u0430\u0442\u044c\u0435 \u043f\u0440\u0438\u0432\u043e\u0434\u044f\u0442\u0441\u044f \u0434\u0430\u043d\u043d\u044b\u0435 \u043e \u0440\u0430\u0431\u043e\u0442\u0435 \u0441\u043e\u0432\u0440\u0435\u043c\u0435\u043d\u043d\u043e\u0433\u043e \u0442\u0435\u0440\u0430\u043f\u0435\u0432\u0442\u0438\u0447\u0435\u0441\u043a\u043e\u0433\u043e \u043f\u0435\u0432\u0447\u0435\u0441\u043a\u043e\u0433\u043e \u043a\u0440\u0443\u0433\u0430 \u0432 \u0411\u0443\u0434\u0430\u043f\u0435\u0448\u0442\u0435, \u0432 \u043a\u043e\u0442\u043e\u0440\u043e\u043c \u0443\u0447\u0430\u0441\u0442\u0432\u0443\u0435\u0442 \u0430\u0432\u0442\u043e\u0440: \u00ab\u0417\u0430 \u0444\u0438\u0437\u0438\u0447\u0435\u0441\u043a\u0443\u044e \u0438 \u0434\u0443\u0445\u043e\u0432\u043d\u0443\u044e \u0440\u0430\u0434\u043e\u0441\u0442\u044c \u043f\u0435\u043d\u0438\u044f, \u0437\u0430 \u043f\u043e\u0434\u0434\u0435\u0440\u0436\u0430\u043d\u0438\u0435 \u043d\u0430\u0448\u0435\u0433\u043e \u0437\u0434\u043e\u0440\u043e\u0432\u044c\u044f \u0438 \u0433\u0430\u0440\u043c\u043e\u043d\u0438\u0438&#8230;\u00bb \u0417\u0430\u0447\u0435\u043c \u043f\u0435\u0432\u0446\u044b \u0438\u0441\u043f\u043e\u043b\u043d\u044f\u044e\u0442 \u0430\u0440\u0445\u0430\u0438\u0447\u043d\u044b\u0435 \u043d\u0430\u0440\u043e\u0434\u043d\u044b\u0435 \u043f\u0435\u0441\u043d\u0438? \u041e\u043d\u0438 \u0438\u0441\u0445\u043e\u0434\u044f\u0442 \u0438\u0437 \u043f\u0440\u043e\u0448\u043b\u043e\u0433\u043e \u0438 \u043f\u0440\u0438\u043d\u043e\u0441\u044f\u0442 \u043f\u043e\u0441\u043b\u0430\u043d\u0438\u044f \u043e\u0442 \u043f\u0440\u0435\u0434\u043a\u043e\u0432, \u0434\u043e\u0445\u043e\u0434\u044f \u0434\u043e \u0441\u0430\u043c\u043e\u0439 \u0433\u043b\u0443\u0431\u0438\u043d\u044b \u00ab\u044f\u00bb, \u043e\u043d\u0438 \u0440\u0430\u0441\u0448\u0438\u0440\u044f\u044e\u0442 \u0447\u0443\u0432\u0441\u0442\u0432\u043e \u043f\u0440\u043e\u0441\u0442\u0440\u0430\u043d\u0441\u0442\u0432\u0430 \u0438 \u0432\u0440\u0435\u043c\u0435\u043d\u0438, \u043f\u0440\u0438\u043f\u043e\u0434\u043d\u0438\u043c\u0430\u044e\u0442, \u043e\u0436\u0438\u0432\u043b\u044f\u044e\u0442, \u0440\u0430\u0441\u0441\u043b\u0430\u0431\u043b\u044f\u044e\u0442, \u0443\u043a\u0440\u0435\u043f\u043b\u044f\u044e\u0442 \u0436\u0435\u043d\u0441\u043a\u0443\u044e \u0441\u0438\u043b\u0443, \u0436\u0435\u043d\u0441\u043a\u0438\u0439 \u0433\u043e\u043b\u043e\u0441 \u0438 \u0436\u0435\u043d\u0441\u043a\u043e\u0435 \u0441\u043e\u0437\u043d\u0430\u043d\u0438\u0435, \u0431\u0430\u043b\u0430\u043d\u0441\u0438\u0440\u0443\u044f \u0432\u043d\u0443\u0442\u0440\u0435\u043d\u043d\u0435\u0435 \u00ab\u044f\u00bb, \u043f\u043e\u043c\u043e\u0433\u0430\u044e\u0442 \u043d\u0430\u0439\u0442\u0438 \u043a\u043e\u0440\u043d\u0438 \u0438 \u043f\u043e\u043c\u043e\u0447\u044c \u043d\u0430\u0439\u0442\u0438 \u043f\u0443\u0442\u044c \u0434\u043e\u043c\u043e\u0439. \u041e\u043d\u0438 \u043f\u043e\u043c\u043e\u0433\u0430\u044e\u0442 \u0432 \u043f\u0435\u0440\u0435\u0436\u0438\u0432\u0430\u043d\u0438\u0438 \u043b\u0438\u0447\u043d\u043e\u0433\u043e \u0436\u0438\u0437\u043d\u0435\u043d\u043d\u043e\u0433\u043e \u043a\u0440\u0438\u0437\u0438\u0441\u0430, \u043d\u0430\u043f\u0440\u0438\u043c\u0435\u0440, \u043f\u0440\u0438 \u043f\u043e\u0442\u0435\u0440\u0435 \u0447\u043b\u0435\u043d\u0430 \u0441\u0435\u043c\u044c\u0438. \u042d\u0442\u0438 \u043f\u0435\u0441\u043d\u0438 \u043e\u0447\u0438\u0449\u0430\u044e\u0442 \u0432\u043d\u0443\u0442\u0440\u0435\u043d\u043d\u0435\u0435 \u00ab\u044f\u00bb. \u042d\u0442\u0438 \u043f\u0435\u0441\u043d\u0438, \u0432 \u0447\u0435\u043c \u0443\u0431\u0435\u0436\u0434\u0435\u043d\u0430 \u0430\u0432\u0442\u043e\u0440, \u0438 \u0441\u0430\u043c \u043f\u043e \u0441\u0435\u0431\u0435 \u0430\u043a\u0442 \u043f\u0435\u043d\u0438\u044f \u0434\u0435\u0439\u0441\u0442\u0432\u0438\u0442\u0435\u043b\u044c\u043d\u043e \u0441\u043e\u0437\u0434\u0430\u044e\u0442 \u0440\u0435\u0430\u043b\u044c\u043d\u043e\u0441\u0442\u044c \u2013 \u0440\u0430\u0432\u043d\u043e\u0441\u0438\u043b\u044c\u043d\u043e \u0442\u043e\u043c\u0443, \u0447\u0442\u043e \u043f\u0440\u043e\u0438\u0441\u0445\u043e\u0434\u0438\u0442 \u043f\u0440\u0438 \u043f\u0440\u043e\u0438\u0437\u043d\u0435\u0441\u0435\u043d\u0438\u0438 \u043d\u0435\u043a\u043e\u0442\u043e\u0440\u044b\u0445 \u043c\u043e\u0449\u043d\u044b\u0445 \u043c\u0430\u0433\u0438\u0447\u0435\u0441\u043a\u0438\u0445, \u0438\u0441\u0446\u0435\u043b\u044f\u044e\u0449\u0438\u0445 \u0442\u0435\u043a\u0441\u0442\u043e\u0432.<\/p>\n<p style=\"text-align: justify;\"><strong>\u0411\u0438\u0431\u043b\u0438\u043e\u0433\u0440\u0430\u0444\u0438\u044f<\/strong><strong>\/ References<\/strong><\/p>\n<p style=\"text-align: justify;\">Austin,J.L. (1962) <em>How to do things with words<\/em>, Cambridge.<\/p>\n<p style=\"text-align: justify;\">Bloch, M. (1974) Symbols, Songs, Dance and Features of Articulation, <em>Archives Europ\u00e9nes de Sociology<\/em>, 5, p. 55\u201381.<\/p>\n<p style=\"text-align: justify;\">Lov\u00e1sz, I. (2011) <em>Szakr\u00e1lis kommunik\u00e1ci\u00f3<\/em>, Budapest: L\u2019Harmattan, \u0440. 36\u201342.<\/p>\n<p style=\"text-align: justify;\">Lov\u00e1sz, I. (2012) Hagyom\u00e1nypedag\u00f3gia \u00e9s lelkieg\u00e9szs\u00e9g nevel\u00e9s. Az emberi hang \u00e9s a dalol\u00e1s gy\u00f3gy\u00edt\u00f3 ereje napjainkban, <em>A nevel\u00e9s kozmol\u00f3gusai<\/em>. Kod\u00e1ly Zolt\u00e1n, Kar\u00e1csony S\u00e1ndor, N\u00e9met L\u00e1szl\u00f3 meg\u00faj\u00edt\u00f3 \u00f6r\u00f6ks\u00e9ge,L\u00e1z\u00e1r Imre \u2013 Szenczi \u00c1rp\u00e1d (szerk.), L\u2019Harmattan, p. 147\u2013169.<\/p>\n<p style=\"text-align: justify;\">Lov\u00e1sz, I. (2014) A n\u00e9pzene mint m\u0171v\u00e9szeti kommunik\u00e1ci\u00f3, <em>Ki l\u00e1tott engem?<\/em><em>Buda B\u00e9la 75<\/em>, Spannraft Marcellina, Sepsi Enik\u0151, Bagdy Em\u0151ke, Koml\u00f3si Piroska, Grezsa Ferenc (szerk.),\u00a0 Budapest: K\u00e1roli G\u00e1sp\u00e1r Reform\u00e1tus Egyetem, L&#8217;Harmattan, p. 289\u2013305.\u00a0Makkai \u00c1. (ed.) (1996) <em>Quest of the mircle stag<\/em>, Chicago \u2013 Corvina, Budapest: Atlantis-Kentaur, p. 668\u2013670.<\/p>\n<p style=\"text-align: justify;\">Searle,J. (1969) <em>Speech Acts<\/em>, Cambridge: Cambridge University Press.<\/p>\n<p style=\"text-align: justify;\"><strong>\u0414\u0438\u0441\u043a\u043e\u0433\u0440\u0430\u0444\u0438\u044f<\/strong><\/p>\n<p style=\"text-align: justify;\">Lov\u00e1sz, I. (2006) \u00c9gi hang, Sacred Voice cd, Budapest, SIRENVOICES, SVCD01.<\/p>\n<p style=\"text-align: justify;\">Lov\u00e1sz I. (2007) Bels\u0151 Hang, Inner Voice cd, Budapest, SIRENVOICES, SVCD02.<\/p>\n<p style=\"text-align: justify;\">Lov\u00e1sz I. (2017) N\u0151i hang, Female Voice cd, Budapest, SIRENVOICES, SVCD03 (http:\/\/www.lovasziren.hu) (01.06.2018).<\/p>\n<p><\/p>","protected":false},"excerpt":{"rendered":"<p>\u00a9 2018\u00a0\u0418\u0440\u0435\u043d \u041b\u041e\u0412\u0410\u0421 \u041c\u0410\u0438\u0411 2018 \u2014 \u21161 (15) \u041a\u043b\u044e\u0447\u0435\u0432\u044b\u0435 \u0441\u043b\u043e\u0432\u0430: \u0442\u0440\u0430\u0434\u0438\u0446\u0438\u043e\u043d\u043d\u043e\u0435 \u043f\u0435\u043d\u0438\u0435, \u0447\u0435\u043b\u043e\u0432\u0435\u0447\u0435\u0441\u043a\u0438\u0439 \u0433\u043e\u043b\u043e\u0441, \u0442\u0435\u0440\u0430\u043f\u0438\u044f \u0433\u043e\u043b\u043e\u0441\u043e\u043c, \u043d\u0430\u0440\u043e\u0434\u043d\u044b\u0435 \u043f\u0435\u0441\u043d\u0438, \u0438\u0434\u0435\u043d\u0442\u0438\u0447\u043d\u043e\u0441\u0442\u044c, \u0440\u0435\u0437\u043e\u043d\u0430\u043d\u0441, \u0442\u0435\u043b\u043e \u0438 \u0434\u0443\u0448\u0430, \u0438\u0441\u0446\u0435\u043b\u044f\u044e\u0449\u0438\u0435 \u0433\u043e\u043b\u043e\u0441\u0430 \u0410\u043d\u043d\u043e\u0442\u0430\u0446\u0438\u044f: \u0412 \u0441\u0442\u0430\u0442\u044c\u0435 \u0430\u0432\u0442\u043e\u0440 \u2013 \u043a\u0443\u043b\u044c\u0442\u0443\u0440\u043d\u044b\u0439 \u0430\u043d\u0442\u0440\u043e\u043f\u043e\u043b\u043e\u0433 \u0438 \u0438\u0441\u043f\u043e\u043b\u043d\u0438\u0442\u0435\u043b\u044c\u043d\u0438\u0446\u0430 \u043d\u0430\u0440\u043e\u0434\u043d\u044b\u0445 \u043f\u0435\u0441\u0435\u043d \u2013 \u0440\u0430\u0441\u0441\u043c\u0430\u0442\u0440\u0438\u0432\u0430\u0435\u0442 \u043e\u0441\u043e\u0431\u0435\u043d\u043d\u043e\u0441\u0442\u0438 \u043d\u0430\u0440\u043e\u0434\u043d\u043e\u0433\u043e<\/p>\n","protected":false},"author":2,"featured_media":0,"parent":0,"menu_order":0,"comment_status":"open","ping_status":"open","template":"","meta":{"footnotes":""},"class_list":["post-3594","page","type-page","status-publish","hentry"],"_links":{"self":[{"href":"https:\/\/medanthro.ru\/index.php?rest_route=\/wp\/v2\/pages\/3594","targetHints":{"allow":["GET"]}}],"collection":[{"href":"https:\/\/medanthro.ru\/index.php?rest_route=\/wp\/v2\/pages"}],"about":[{"href":"https:\/\/medanthro.ru\/index.php?rest_route=\/wp\/v2\/types\/page"}],"author":[{"embeddable":true,"href":"https:\/\/medanthro.ru\/index.php?rest_route=\/wp\/v2\/users\/2"}],"replies":[{"embeddable":true,"href":"https:\/\/medanthro.ru\/index.php?rest_route=%2Fwp%2Fv2%2Fcomments&post=3594"}],"version-history":[{"count":0,"href":"https:\/\/medanthro.ru\/index.php?rest_route=\/wp\/v2\/pages\/3594\/revisions"}],"wp:attachment":[{"href":"https:\/\/medanthro.ru\/index.php?rest_route=%2Fwp%2Fv2%2Fmedia&parent=3594"}],"curies":[{"name":"wp","href":"https:\/\/api.w.org\/{rel}","templated":true}]}}