{"id":3587,"date":"2018-09-29T01:11:56","date_gmt":"2018-09-28T21:11:56","guid":{"rendered":"https:\/\/medanthro.ru\/?page_id=3587"},"modified":"2018-11-15T23:15:44","modified_gmt":"2018-11-15T19:15:44","slug":"%d1%81%d0%be%d0%bd-%d0%b2%d0%b5%d1%80%d0%b0-%d0%b8-%d1%84%d0%b0%d0%bd%d1%82%d0%b0%d0%b7%d0%b8%d1%8f-%d0%b2-%d0%b8%d1%81%d1%82%d0%be%d1%80%d0%b8%d0%b8-%d0%bb%d0%b5%d1%87%d0%b5%d0%bd%d0%b8%d1%8f","status":"publish","type":"page","link":"https:\/\/medanthro.ru\/?page_id=3587","title":{"rendered":"\u0421\u041e\u041d, \u0412\u0415\u0420\u0410 \u0418 \u0424\u0410\u041d\u0422\u0410\u0417\u0418\u042f \u0412 \u0418\u0421\u0422\u041e\u0420\u0418\u0418 \u041b\u0415\u0427\u0415\u041d\u0418\u042f: \u041e\u0422 \u0410\u0421\u041a\u041b\u0415\u041f\u0418\u042f \u0414\u041e \u00ab\u041f\u0420\u0418\u0417\u0420\u0410\u0427\u041d\u041e\u0419 \u0425\u0418\u0420\u0423\u0420\u0413\u0418\u0418\u00bb"},"content":{"rendered":"<p><\/p>\n<p style=\"text-align: justify;\"><strong>\u00a9 2018\u00a0<\/strong>\u0410\u0433\u043d\u0435\u0448 \u041b\u0415\u041d\u0414\u0415\u041b\u042c<\/p>\n<p style=\"text-align: justify;\"><i>\u041c\u0410\u0438\u0411 2018 \u2014 \u21161 (15)<\/i><\/p>\n<hr \/>\n<p style=\"text-align: justify;\"><strong><em>\u041a\u043b\u044e\u0447\u0435\u0432\u044b\u0435 \u0441\u043b\u043e\u0432\u0430: <\/em><\/strong>\u0432\u0435\u0440\u0430, \u0438\u0441\u0446\u0435\u043b\u044f\u044e\u0449\u0438\u0439 \u0441\u043e\u043d, \u0438\u043d\u043a\u0443\u0431\u0430\u0446\u0438\u044f, \u0410\u0441\u043a\u043b\u0435\u043f\u0438\u0439, \u0442\u0430\u0432\u043c\u0430\u0442\u0443\u0440\u0433\u0438\u044f, \u043d\u0430\u0440\u043e\u0434\u043d\u044b\u0435 \u0441\u0440\u0435\u0434\u0441\u0442\u0432\u0430, \u043f\u0430\u043b\u043e\u043c\u043d\u0438\u0447\u0435\u0441\u0442\u0432\u043e<\/p>\n<p style=\"text-align: justify;\"><strong><em>\u0410\u043d\u043d\u043e\u0442\u0430\u0446\u0438\u044f:\u00a0<\/em><\/strong>\u0410\u0432\u0442\u043e\u0440 \u0430\u043d\u0430\u043b\u0438\u0437\u0438\u0440\u0443\u0435\u0442 \u043e\u0434\u043d\u043e \u0438\u0437 \u0438\u043d\u0442\u0435\u0440\u0435\u0441\u043d\u0435\u0439\u0448\u0438\u0445 \u044f\u0432\u043b\u0435\u043d\u0438\u0439 \u0434\u0443\u0445\u043e\u0432\u043d\u043e\u0439 \u043f\u0440\u0430\u043a\u0442\u0438\u043a\u0438 \u0438 \u043a\u0443\u043b\u044c\u0442\u0443\u0440\u044b \u2013 \u0441\u043d\u043e\u0432\u045d\u0434\u0435\u043d\u0438\u0435 \u0440\u0430\u0434\u0438 \u0438\u0441\u0446\u0435\u043b\u0435\u043d\u0438\u044f \u0431\u043e\u043b\u044c\u043d\u043e\u0433\u043e. \u0420\u0430\u0431\u043e\u0442\u0430 \u0432\u044b\u043f\u043e\u043b\u043d\u0435\u043d\u0430 \u043d\u0430 \u0440\u0430\u0437\u043d\u043e\u0432\u0440\u0435\u043c\u0435\u043d\u043d\u044b\u0445 \u043c\u0430\u0442\u0435\u0440\u0438\u0430\u043b\u0430\u0445 \u2013 \u043e\u0442 \u0434\u0440\u0435\u0432\u043d\u0435\u0433\u0440\u0435\u0447\u0435\u0441\u043a\u0438\u0445 (\u043f\u0440\u0430\u043a\u0442\u0438\u043a\u0430 \u043e\u0431\u0440\u0430\u0449\u0435\u043d\u0438\u044f \u043a \u0410\u0441\u043a\u043b\u0435\u043f\u0438\u044e \u0438 \u043f\u043e\u0441\u043b\u0435\u0434\u0443\u044e\u0449\u0430\u044f \u0440\u0430\u0441\u0448\u0438\u0444\u0440\u043e\u0432\u043a\u0430 \u0441\u043d\u043e\u0432 \u0430\u0441\u043a\u043b\u0435\u043f\u0438\u0430\u0434\u0430\u043c\u0438) \u0434\u043e \u0445\u0440\u0438\u0441\u0442\u0438\u0430\u043d\u0441\u043a\u043e\u0439, \u0432 \u0442.\u0447. \u0441\u043e\u0432\u0440\u0435\u043c\u0435\u043d\u043d\u043e\u0439. \u041f\u0440\u0438\u0432\u043e\u0434\u044f\u0442\u0441\u044f \u043f\u0440\u0438\u043c\u0435\u0440\u044b \u0438\u0437 \u043f\u043e\u043b\u0435\u0432\u044b\u0445 \u043c\u0430\u0442\u0435\u0440\u0438\u0430\u043b\u043e\u0432.<\/p>\n<hr \/>\n<p style=\"text-align: justify;\">\u0412 \u0441\u0442\u0430\u0442\u044c\u0435 \u0440\u0430\u0441\u0441\u043a\u0430\u0437\u044b\u0432\u0430\u0435\u0442\u0441\u044f \u043e \u0442\u0440\u0430\u0434\u0438\u0446\u0438\u0438 \u00ab\u0446\u0435\u043b\u0438\u0442\u0435\u043b\u044c\u043d\u043e\u0433\u043e \u0441\u043d\u0430\u00bb (\u0438\u043d\u043a\u0443\u0431\u0430\u0446\u0438\u0438), \u0431\u0435\u0440\u0443\u0449\u0435\u0439 \u043d\u0430\u0447\u0430\u043b\u043e \u0432 \u043a\u0443\u043b\u044c\u0442\u0435 \u0410\u0441\u043a\u043b\u0435\u043f\u0438\u044f \u0432 \u0414\u0440\u0435\u0432\u043d\u0435\u0439 \u0413\u0440\u0435\u0446\u0438\u0438. \u0410\u0441\u043a\u043b\u0435\u043f\u0438\u0439 \u043f\u043e\u044f\u0432\u043b\u044f\u043b\u0441\u044f \u0432 \u0441\u043d\u0430\u0445 \u0431\u043e\u043b\u044c\u043d\u043e\u0433\u043e \u0447\u0435\u043b\u043e\u0432\u0435\u043a\u0430, \u043f\u0440\u0438\u0448\u0435\u0434\u0448\u0435\u0433\u043e \u043f\u043e\u0441\u043f\u0430\u0442\u044c \u0432 \u043f\u043e\u0441\u0442\u0440\u043e\u0435\u043d\u043d\u044b\u0445 \u0432 \u0435\u0433\u043e \u0447\u0435\u0441\u0442\u044c \u0441\u0432\u044f\u0442\u044b\u043d\u044f\u0445. \u041d\u0430 \u0441\u043b\u0435\u0434\u0443\u044e\u0449\u0438\u0439 \u0434\u0435\u043d\u044c \u0441\u0432\u044f\u0449\u0435\u043d\u043d\u0438\u043a\u0438 \u2013 \u0430\u0441\u043a\u043b\u0435\u043f\u0438\u0430\u0434\u044b \u2013 \u0440\u0430\u0441\u0448\u0438\u0444\u0440\u043e\u0432\u044b\u0432\u0430\u043b\u0438 \u0441\u043e\u043d \u0438 \u0434\u0430\u0432\u0430\u043b\u0438 \u043c\u0435\u0434\u0438\u0446\u0438\u043d\u0441\u043a\u0438\u0435 \u0441\u0440\u0435\u0434\u0441\u0442\u0432\u0430 \u0438 \u0441\u043e\u0432\u0435\u0442\u044b \u0431\u043e\u043b\u044c\u043d\u044b\u043c. \u042d\u0442\u0430 \u0436\u0435 \u0442\u0440\u0430\u0434\u0438\u0446\u0438\u044f \u043f\u0435\u0440\u0435\u0448\u043b\u0430 \u0432 \u0441\u0440\u0435\u0434\u043d\u0435\u0432\u0435\u043a\u043e\u0432\u044c\u0435 \u0438 \u0441\u043e\u0432\u0440\u0435\u043c\u0435\u043d\u043d\u044b\u0439 \u0445\u0440\u0438\u0441\u0442\u0438\u0430\u043d\u0441\u043a\u0438\u0439 \u043c\u0438\u0440: \u0434\u043e \u0441\u0438\u0445 \u043f\u043e\u0440 \u043f\u0440\u043e\u0441\u043b\u0435\u0436\u0438\u0432\u0430\u0435\u0442\u0441\u044f\u043e\u0431\u044b\u0447\u0430\u0439 \u00ab\u0441\u043f\u0430\u0442\u044c \u0432 \u0445\u0440\u0430\u043c\u0435\u00bb \u0440\u0430\u0434\u0438 \u0438\u0441\u0446\u0435\u043b\u0435\u043d\u0438\u044f. \u0412 \u0441\u0442\u0430\u0442\u044c\u0435 \u043f\u0440\u0438\u0432\u043e\u0434\u044f\u0442\u0441\u044f \u0440\u0430\u0437\u043b\u0438\u0447\u043d\u044b\u0435 \u0438\u0441\u0442\u043e\u0440\u0438\u0447\u0435\u0441\u043a\u0438\u0435 \u043f\u0440\u0438\u043c\u0435\u0440\u044b, \u0441\u0432\u044f\u0437\u0430\u043d\u043d\u044b\u0435 \u0441 \u044d\u0442\u0438\u043c \u0444\u0435\u043d\u043e\u043c\u0435\u043d\u043e\u043c.<\/p>\n<p style=\"text-align: justify;\">\u041e\u0434\u043d\u0430 \u0438\u0437 \u043e\u0441\u043d\u043e\u0432\u043d\u044b\u0445 \u0445\u0430\u0440\u0430\u043a\u0442\u0435\u0440\u0438\u0441\u0442\u0438\u043a \u043d\u0430\u0440\u043e\u0434\u043d\u044b\u0445 \u043c\u0435\u0434\u0438\u0446\u0438\u043d\u0441\u043a\u0438\u0445 \u043f\u0440\u043e\u0446\u0435\u0434\u0443\u0440, \u043d\u0435 \u0438\u0441\u043f\u043e\u043b\u044c\u0437\u0443\u044e\u0449\u0438\u0445 \u0441\u043f\u0435\u0446\u0438\u0430\u043b\u044c\u043d\u044b\u0435 \u0438\u043d\u0441\u0442\u0440\u0443\u043c\u0435\u043d\u0442\u044b, \u2013 \u0442\u043e, \u0447\u0442\u043e \u043e\u043d\u0438 \u043e\u0441\u043d\u043e\u0432\u0430\u043d\u044b \u043d\u0430 \u0432\u0435\u0440\u0435. \u0418\u0441\u0441\u043b\u0435\u0434\u043e\u0432\u0430\u043d\u0438\u0435 \u0430\u0432\u0442\u043e\u0440\u0430 \u043e\u0431\u044a\u044f\u0441\u043d\u044f\u0435\u0442 \u0440\u043e\u043b\u044c \u0432\u0435\u0440\u044b, \u0441\u043d\u0430 \u0438 \u0444\u0430\u043d\u0442\u0430\u0437\u0438\u0438 \u0432 \u0438\u0441\u0442\u043e\u0440\u0438\u0438 \u0432\u0440\u0430\u0447\u0435\u0432\u0430\u043d\u0438\u044f. \u0412 \u043f\u0440\u0435\u0434\u043b\u043e\u0436\u0435\u043d\u043d\u043e\u043c \u0441\u0445\u0435\u043c\u0430\u0442\u0438\u0447\u0435\u0441\u043a\u043e\u043c \u043e\u0431\u0437\u043e\u0440\u0435 \u0430\u0432\u0442\u043e\u0440 \u043d\u0430 \u0441\u0432\u043e\u0438\u0445 \u043f\u0440\u0438\u043c\u0435\u0440\u0430\u0445 \u043e\u0431\u0440\u0430\u0449\u0430\u0435\u0442 \u0432\u043d\u0438\u043c\u0430\u043d\u0438\u0435 \u043d\u0430 \u0442\u043e, \u043a\u0430\u043a \u044d\u0442\u0438 \u0434\u0435\u0439\u0441\u0442\u0432\u0430 \u043f\u043e\u0441\u0442\u043e\u044f\u043d\u043d\u043e \u043f\u0440\u0438\u0441\u0443\u0442\u0441\u0442\u0432\u043e\u0432\u0430\u043b\u0438 \u0432 \u0434\u0440\u0435\u0432\u043d\u0438\u0445 \u043f\u0440\u0430\u043a\u0442\u0438\u043a\u0430\u0445, \u043d\u0430\u0440\u043e\u0434\u043d\u044b\u0445 \u043c\u0435\u0434\u0438\u0446\u0438\u043d\u0441\u043a\u0438\u0445 \u043f\u0440\u043e\u0446\u0435\u0434\u0443\u0440\u0430\u0445, \u0442\u0430\u0432\u043c\u0430\u0442\u0443\u0440\u0433\u0438\u0438 \u0441\u0432\u044f\u0442\u044b\u0445, \u0430\u043b\u044c\u0442\u0435\u0440\u043d\u0430\u0442\u0438\u0432\u043d\u044b\u0445 \u043c\u0435\u0434\u0438\u0446\u0438\u043d\u0441\u043a\u0438\u0445 \u043f\u043e\u0434\u0445\u043e\u0434\u0430\u0445 \u0438 \u044d\u0437\u043e\u0442\u0435\u0440\u0438\u0447\u0435\u0441\u043a\u0438\u0445 \u044f\u0432\u043b\u0435\u043d\u0438\u044f\u0445 \u043d\u0430\u0448\u0435\u0433\u043e \u0432\u0440\u0435\u043c\u0435\u043d\u0438.<\/p>\n<p style=\"text-align: justify;\">\u0424\u0438\u0433\u0443\u0440\u0443 \u00ab\u0431\u043e\u0436\u0435\u0441\u0442\u0432\u0435\u043d\u043d\u043e\u0433\u043e \u0434\u043e\u043a\u0442\u043e\u0440\u0430\u00bb \u0410\u0441\u043a\u043b\u0435\u043f\u0438\u044f \u043c\u043e\u0436\u043d\u043e \u043f\u0440\u043e\u0441\u043b\u0435\u0434\u0438\u0442\u044c \u0432 \u0438\u0441\u0442\u043e\u0447\u043d\u0438\u043a\u0430\u0445 \u0441 1500 \u0433. \u0434\u043e \u043d.\u044d., \u0432\u0440\u0435\u043c\u0435\u043d\u0438 \u043f\u0435\u0440\u0432\u044b\u0445 \u0434\u0430\u043d\u043d\u044b\u0445 \u043e \u0433\u0440\u0435\u0447\u0435\u0441\u043a\u043e\u0439 \u043c\u0438\u0444\u043e\u043b\u043e\u0433\u0438\u0438. \u0413\u0440\u0435\u0447\u0435\u0441\u043a\u0438\u0435 \u0432\u0440\u0430\u0447\u0438 \u043f\u043e\u043a\u043b\u043e\u043d\u044f\u043b\u0438\u0441\u044c \u0410\u0441\u043a\u043b\u0435\u043f\u0438\u044e \u043a\u0430\u043a \u0441\u0432\u043e\u0435\u043c\u0443 \u043f\u0440\u0430\u043e\u0442\u0446\u0443 \u0438 \u0441\u0447\u0438\u0442\u0430\u043b\u0438 \u0435\u0433\u043e \u043f\u0440\u0430\u0440\u043e\u0434\u0438\u0442\u0435\u043b\u0435\u043c \u043c\u0435\u0434\u0438\u0446\u0438\u043d\u0441\u043a\u043e\u0439 \u043f\u0440\u043e\u0444\u0435\u0441\u0441\u0438\u0438. \u0415\u0433\u043e \u0441\u0432\u044f\u0442\u044b\u043d\u0438 \u0431\u044b\u043b\u0438 \u043f\u043e\u0441\u0442\u0440\u043e\u0435\u043d\u044b \u0432\u043e\u043a\u0440\u0443\u0433 \u0446\u0435\u043b\u0438\u0442\u0435\u043b\u044c\u043d\u044b\u0445 \u0438\u0441\u0442\u043e\u0447\u043d\u0438\u043a\u043e\u0432 \u0438 \u043e\u0437\u0434\u043e\u0440\u043e\u0432\u0438\u0442\u0435\u043b\u044c\u043d\u044b\u0445 \u043c\u0435\u0441\u0442. \u0421\u0430\u043c\u044b\u0439 \u0432\u044b\u0434\u0430\u044e\u0449\u0438\u0439\u0441\u044f \u0445\u0440\u0430\u043c \u0441\u0442\u043e\u044f\u043b \u0432 \u042d\u043f\u0438\u0434\u0430\u0432\u0440\u0435, \u043a\u0443\u0434\u0430 \u043b\u044e\u0434\u0438 \u0438\u0437 \u0432\u0441\u0435\u0439 \u0413\u0440\u0435\u0446\u0438\u0438, \u0432 \u043e\u0436\u0438\u0434\u0430\u043d\u0438\u0438 \u0438\u0441\u0446\u0435\u043b\u0435\u043d\u0438\u044f, \u0441\u043e\u0432\u0435\u0440\u0448\u0430\u043b\u0438 \u043f\u0430\u043b\u043e\u043c\u043d\u0438\u0447\u0435\u0441\u0442\u0432\u043e. \u0421\u0432\u044f\u0442\u0438\u043b\u0438\u0449\u0435 \u042d\u043f\u0438\u0434\u0430\u0432\u0440\u0430 \u043e\u0442\u043b\u0438\u0447\u0430\u043b\u043e\u0441\u044c \u043e\u0442 \u0441\u0430\u043c\u044b\u0445 \u0438\u0437\u0432\u0435\u0441\u0442\u043d\u044b\u0445 \u0433\u0440\u0435\u0447\u0435\u0441\u043a\u0438\u0445 \u0445\u0440\u0430\u043c\u043e\u0432 \u0442\u0435\u043c, \u0447\u0442\u043e \u0443 \u043d\u0435\u0433\u043e \u0431\u044b\u043b\u0430 \u0434\u0432\u043e\u0439\u043d\u0430\u044f \u043a\u043e\u043b\u043e\u043d\u043d\u0430\u0434\u0430 (\u0430\u0440\u043a\u0430\u0434\u0430 \u0438\u043b\u0438 \u0437\u0430\u043b \u043a\u043e\u043b\u043e\u043d\u043d), \u0437\u0430\u043d\u0438\u043c\u0430\u044e\u0449\u0430\u044f \u0434\u0432\u0430 \u044d\u0442\u0430\u0436\u0430. \u0410\u0440\u043a\u0430\u0434\u044b \u0431\u044b\u043b\u0438 \u043e\u0431\u0443\u0441\u0442\u0440\u043e\u0435\u043d\u044b \u0434\u043b\u044f \u0431\u043e\u043b\u044c\u043d\u044b\u0445, \u043a\u043e\u0442\u043e\u0440\u044b\u0435 \u043f\u0440\u0438\u0445\u043e\u0434\u0438\u043b\u0438 \u0441\u044e\u0434\u0430, \u0447\u0442\u043e\u0431\u044b \u0441\u043f\u0430\u0442\u044c, \u043f\u043e\u0441\u043a\u043e\u043b\u044c\u043a\u0443 \u044d\u0442\u043e \u043c\u0435\u0441\u0442\u043e \u0441\u043b\u0443\u0436\u0438\u043b\u043e \u00ab\u0441\u043f\u0430\u043b\u044c\u043d\u043e\u0439 \u0447\u0430\u0441\u0442\u044c\u044e \u0445\u0440\u0430\u043c\u0430\u00bb. \u041d\u0435\u0441\u043a\u043e\u043b\u044c\u043a\u043e \u043c\u043e\u043b\u0438\u0442\u0432\u0435\u043d\u043d\u044b\u0445 \u0442\u0430\u0431\u043b\u0438\u0447\u0435\u043a \u0443\u043a\u0440\u0430\u0448\u0430\u043b\u0438 \u0441\u0442\u0435\u043d\u044b.<\/p>\n<p style=\"text-align: justify;\">\u041c\u0435\u0442\u043e\u0434\u043e\u043c \u043b\u0435\u0447\u0435\u043d\u0438\u044f \u0431\u044b\u043b \u0441\u0432\u044f\u0449\u0435\u043d\u043d\u044b\u0439 \u0441\u043e\u043d (\u00ab\u0438\u043d\u043a\u0443\u0431\u0430\u0446\u0438\u044f\u00bb), \u043a\u043e\u0442\u043e\u0440\u043e\u043c\u0443 \u043f\u0440\u0435\u0434\u0448\u0435\u0441\u0442\u0432\u043e\u0432\u0430\u043b\u0438 \u043d\u0435\u0441\u043a\u043e\u043b\u044c\u043a\u043e \u0434\u043d\u0435\u0439 \u043f\u043e\u0434\u0433\u043e\u0442\u043e\u0432\u043a\u0438, \u043f\u043e\u0441\u0442\u0430 \u0438 \u0436\u0435\u0440\u0442\u0432\u043e\u043f\u0440\u0438\u043d\u043e\u0448\u0435\u043d\u0438\u0439. \u0410\u0441\u043a\u043b\u0435\u043f\u0438\u0439 \u043f\u043e\u044f\u0432\u043b\u044f\u043b\u0441\u044f \u0432 \u0441\u043d\u0430\u0445 \u0431\u043e\u043b\u044c\u043d\u043e\u0433\u043e \u0447\u0435\u043b\u043e\u0432\u0435\u043a\u0430. \u041d\u0430 \u0441\u043b\u0435\u0434\u0443\u044e\u0449\u0438\u0439 \u0434\u0435\u043d\u044c \u0441\u0432\u044f\u0449\u0435\u043d\u043d\u0438\u043a\u0438 \u2013 \u0430\u0441\u043a\u043b\u0435\u043f\u0438\u0430\u0434\u044b \u2013 \u0440\u0430\u0441\u0448\u0438\u0444\u0440\u043e\u0432\u044b\u0432\u0430\u043b\u0438 \u0441\u043e\u043d.<\/p>\n<p style=\"text-align: justify;\">\u0418\u043d\u043a\u0443\u0431\u0430\u0446\u0438\u044f \u0431\u044b\u043b\u0430 \u0443\u043d\u0438\u0432\u0435\u0440\u0441\u0430\u043b\u044c\u043d\u043e\u0439 \u043f\u0440\u0430\u043a\u0442\u0438\u043a\u043e\u0439 \u0432 \u200b\u200b\u0434\u0440\u0435\u0432\u043d\u0438\u0435 \u0432\u0440\u0435\u043c\u0435\u043d\u0430, \u0432 \u0442\u043e\u043c \u0447\u0438\u0441\u043b\u0435 \u043d\u0430 \u0412\u043e\u0441\u0442\u043e\u043a\u0435 \u2013 \u0441\u0440\u0435\u0434\u0438 \u0436\u0438\u0442\u0435\u043b\u0435\u0439 \u041c\u0435\u0441\u043e\u043f\u043e\u0442\u0430\u043c\u0438\u0438, \u0445\u0435\u0442\u0442\u043e\u0432, \u0435\u0432\u0440\u0435\u0435\u0432, \u0432 \u0425\u0430\u043d\u0430\u0430\u043d\u0435 \u0438 \u0415\u0433\u0438\u043f\u0442\u0435. \u0411\u043e\u043b\u0435\u0435 \u0442\u043e\u0433\u043e, \u043a\u0430\u043a \u0443\u0442\u0432\u0435\u0440\u0436\u0434\u0430\u0435\u0442\u0441\u044f, \u043b\u044e\u0434\u0438 \u0432 \u0438\u0441\u043b\u0430\u043c\u0441\u043a\u0438\u0445 \u0441\u0442\u0440\u0430\u043d\u0430\u0445 \u043f\u043e \u0441\u0435\u0439 \u0434\u0435\u043d\u044c \u0441\u043e\u0445\u0440\u0430\u043d\u044f\u044e\u0442 \u0442\u0440\u0430\u0434\u0438\u0446\u0438\u044e \u043f\u0430\u043b\u043e\u043c\u043d\u0438\u0447\u0435\u0441\u0442\u0432 \u043a \u043c\u043e\u0433\u0438\u043b\u0430\u043c \u0441\u0432\u044f\u0442\u044b\u0445, \u0448\u0435\u0439\u0445\u043e\u0432 \u0438 \u0434\u0435\u0440\u0432\u0438\u0448\u0435\u0439 \u0434\u043b\u044f \u043b\u0435\u0447\u0435\u0431\u043d\u043e\u0433\u043e \u0441\u043d\u0430.<\/p>\n<p style=\"text-align: justify;\">\u0412 \u0445\u0440\u0438\u0441\u0442\u0438\u0430\u043d\u0441\u0442\u0432\u0435 \u0438\u0441\u0446\u0435\u043b\u0435\u043d\u0438\u044f \u0425\u0440\u0438\u0441\u0442\u0430 \u044f\u0432\u043b\u044f\u044e\u0442\u0441\u044f \u043e\u0431\u0440\u0430\u0437\u0446\u043e\u043c \u0447\u0443\u0434\u0435\u0441 \u041d\u043e\u0432\u043e\u0433\u043e \u0417\u0430\u0432\u0435\u0442\u0430: \u043d\u0435 \u0442\u043e\u043b\u044c\u043a\u043e \u0438\u0441\u0446\u0435\u043b\u0435\u043d\u0438\u044f \u0442\u0435\u043b\u0430, \u043d\u043e, \u043f\u0440\u0435\u0436\u0434\u0435 \u0432\u0441\u0435\u0433\u043e, \u0434\u0443\u0445\u0430. \u042d\u0442\u043e \u043f\u0440\u0438\u0432\u043d\u0435\u0441\u043b\u043e \u043d\u0435\u0447\u0442\u043e \u043f\u0440\u0438\u043d\u0446\u0438\u043f\u0438\u0430\u043b\u044c\u043d\u043e \u043d\u043e\u0432\u043e\u0435, \u0445\u043e\u0442\u044f \u0432 \u0442\u043e \u0432\u0440\u0435\u043c\u044f \u043a\u0443\u043b\u044c\u0442 \u0410\u0441\u043a\u043b\u0435\u043f\u0438\u044f \u043f\u0440\u043e\u0434\u043e\u043b\u0436\u0430\u043b \u0441\u0443\u0449\u0435\u0441\u0442\u0432\u043e\u0432\u0430\u0442\u044c. \u0422\u0435 \u0447\u0435\u0440\u0442\u044b \u0431\u043e\u0436\u0435\u0441\u0442\u0432\u0430, \u043a\u043e\u0442\u043e\u0440\u044b\u0435 \u0431\u044b\u043b\u0438 \u043f\u043e\u0445\u043e\u0436\u0438 \u043d\u0430 \u0445\u0430\u0440\u0430\u043a\u0442\u0435\u0440\u0438\u0441\u0442\u0438\u043a\u0438 \u0425\u0440\u0438\u0441\u0442\u0430, \u0441\u0442\u0430\u043b\u0438 \u043e\u0441\u043e\u0431\u0435\u043d\u043d\u043e \u0437\u043d\u0430\u0447\u0438\u043c\u044b. \u041e\u0431\u044b\u0447\u0430\u0439 \u00ab\u0441\u043f\u0430\u0442\u044c \u0432 \u0445\u0440\u0430\u043c\u0435\u00bb \u0440\u0430\u0434\u0438 \u0438\u0441\u0446\u0435\u043b\u0435\u043d\u0438\u044f, \u0438\u0437\u0432\u0435\u0441\u0442\u043d\u044b\u0439 \u0441 \u0434\u0440\u0435\u0432\u043d\u0438\u0445 \u043f\u043e\u0440, \u0441\u0443\u0449\u0435\u0441\u0442\u0432\u043e\u0432\u0430\u043b \u0438 \u0432 \u0445\u0440\u0438\u0441\u0442\u0438\u0430\u043d\u0441\u0442\u0432\u0435. \u0417\u0430\u0441\u0442\u0443\u043f\u043d\u0438\u0447\u0435\u0441\u0442\u0432\u043e \u0445\u0440\u0438\u0441\u0442\u0438\u0430\u043d\u0441\u043a\u0438\u0445 \u0441\u0432\u044f\u0442\u044b\u0445, \u0442\u0430\u0432\u043c\u0430\u0442\u0443\u0440\u0433\u0438\u044f \u0438 \u0438\u0441\u0446\u0435\u043b\u0435\u043d\u0438\u0435 \u0442\u0430\u043a\u0436\u0435 \u043f\u0440\u043e\u0438\u0441\u0445\u043e\u0434\u0438\u043b\u0438 \u0432\u043e \u0441\u043d\u0435, \u0438, \u043f\u043e\u0434\u043e\u0431\u043d\u043e \u0442\u043e\u043c\u0443, \u043a\u0430\u043a \u044d\u0442\u043e \u0431\u044b\u043b\u043e \u0432 \u0441\u043b\u0443\u0447\u0430\u0435 \u043e\u0431\u0440\u0430\u0449\u0435\u043d\u0438\u0439 \u043a \u0410\u0441\u043a\u043b\u0435\u043f\u0438\u044e, \u0447\u0435\u043b\u043e\u0432\u0435\u043a \u0434\u043e\u043b\u0436\u0435\u043d \u0431\u044b\u043b \u0437\u0430\u0441\u043d\u0443\u0442\u044c \u0438\u0441\u0446\u0435\u043b\u044f\u044e\u0449\u0438\u043c \u0441\u043d\u043e\u043c \u0443 \u043c\u043e\u0433\u0438\u043b\u044b \u0441\u0432\u044f\u0442\u044b\u0445 \u043a\u043e\u043d\u043a\u0440\u0435\u0442\u043d\u043e\u0439 \u0446\u0435\u0440\u043a\u0432\u0438. \u0412 \u0438\u0441\u0441\u043b\u0435\u0434\u043e\u0432\u0430\u043d\u0438\u0438 \u043f\u0440\u0438\u0432\u043e\u0434\u044f\u0442\u0441\u044f, \u0432 \u0442\u043e\u043c \u0447\u0438\u0441\u043b\u0435, \u043d\u0435\u0434\u0430\u0432\u043d\u0438\u0435 \u043f\u0440\u0438\u043c\u0435\u0440\u044b, \u0441\u0432\u044f\u0437\u0430\u043d\u043d\u044b\u0435 \u0441 \u0438\u0441\u0446\u0435\u043b\u0435\u043d\u0438\u0435\u043c \u043f\u0440\u0438 \u043f\u043e\u043c\u043e\u0449\u0438 \u0438\u043d\u043a\u0443\u0431\u0430\u0446\u0438\u0438.<\/p>\n<p style=\"text-align: justify;\"><strong>\u0411\u0438\u0431\u043b\u0438\u043e\u0433\u0440\u0430\u0444\u0438\u044f<\/strong><strong>\/ <\/strong><strong>References<\/strong><\/p>\n<p style=\"text-align: justify;\">A reality of wonders\u2026 (1999) <em>Bela Hegyi conversation with M\u00e1ria Szepes<\/em>, The National Szechenyi Library of Historical Interviews and Freshwater publisher&#8217;s production.<\/p>\n<p style=\"text-align: justify;\">Gryneaus,T. (1974) The myth and reality,<em>The Mora Ferenc Museum Yearbook<\/em>, 1972-73 (1), p. 155\u2013183.<\/p>\n<p style=\"text-align: justify;\">Ker\u00e9nyi, K. (1999)<em>The divine physician. Studies of Asklepios and places of worship<\/em>, Budapest.<\/p>\n<p style=\"text-align: justify;\">Kis-Halas, J. (2010) J\u00e9zus katon\u00e1i a F\u00f6ld\u00f6n \u00e9s a Mennyei Jeruzs\u00e1lemben: Szellemseb\u00e9szet: egy kort\u00e1rs ezoterikus gy\u00f3gy\u00e1szati rendszer [Soldiers of Jesus on the Earth and in the Celestial Jerusalem: Spirit surgery: a contemporary esoteric medical system], P\u00f3cs \u00c9. (ed.) <em>M\u00e1gikus \u00e9s szakr\u00e1lis medicina: Vall\u00e1setnol\u00f3giai fogalmak tudom\u00e1nyk\u00f6zi megk\u00f6zel\u00edt\u00e9sben<\/em>[Magical and sacred medicine: Notions of the ethnology of religion with an interdisciplinary approach], Budapest: Balassi.<\/p>\n<p style=\"text-align: justify;\">Klaniczay, G. (2003) Healing dreams of medieval in Margaret Island, <em>Historia<\/em>05\/06.<\/p>\n<p style=\"text-align: justify;\">Koltay, E. (1994) N\u00e9pi gy\u00f3gy\u00edt\u00f3 specialist\u00e1k vagy term\u00e9szetgy\u00f3gy\u00e1szok? In Romsics I (ed<em>.), A m\u00e1sik ember: A Fiatal N\u00e9prajzkutat\u00f3k III. Konferenci\u00e1j\u00e1nak el\u0151ad\u00e1sai<\/em>, Kalocsa: Viski K\u00e1roly M\u00fazeum, p. 53\u201364.<\/p>\n<p style=\"text-align: justify;\">Lengyel, A. (2010) Surgery spirit: the spirit of faith healing. In: <em>Magical and sacred medicine. Ethnology of Religion concepts interdisciplinary approach. Studies of\u00a0\u00a0transcendent<\/em>, VII, Budapest:\u00a0Balassi, p. 624\u2013644.<\/p>\n<p style=\"text-align: justify;\">Moln\u00e1r, V. J. (2002) <em>&#171;Nem \u00e9n seg\u00edt\u00f6k&#8230;&#187; : adal\u00e9kok az &#171;eszk\u00f6ztelen&#187; n\u00e9pi gy\u00f3gy\u00edt\u00e1shoz<\/em>, Debrecen: F\u0151nix K\u00f6nyvm\u0171hely.<\/p>\n<p style=\"text-align: justify;\">P\u00f3cs, E. (2010) Medicine Dream. The nocturnal world of healing and curses. In: <em>Magical and sacred medicine. Ethnology of Religion concepts interdisciplinary approach. Studies of\u00a0\u00a0 transcendent<\/em>, VII, Budapest:\u00a0 Balassi, p. 428\u2013458.<\/p>\n<p style=\"text-align: justify;\">Vajkai, A. (1938) Az \u0151si-i javas ember. Ein durch Gebete Heilender in Transdanubien, <em>Ethnographia<\/em>, No 49, p. 3\u20134.<\/p>\n<p><\/p>","protected":false},"excerpt":{"rendered":"<p>\u00a9 2018\u00a0\u0410\u0433\u043d\u0435\u0448 \u041b\u0415\u041d\u0414\u0415\u041b\u042c \u041c\u0410\u0438\u0411 2018 \u2014 \u21161 (15) \u041a\u043b\u044e\u0447\u0435\u0432\u044b\u0435 \u0441\u043b\u043e\u0432\u0430: \u0432\u0435\u0440\u0430, \u0438\u0441\u0446\u0435\u043b\u044f\u044e\u0449\u0438\u0439 \u0441\u043e\u043d, \u0438\u043d\u043a\u0443\u0431\u0430\u0446\u0438\u044f, \u0410\u0441\u043a\u043b\u0435\u043f\u0438\u0439, \u0442\u0430\u0432\u043c\u0430\u0442\u0443\u0440\u0433\u0438\u044f, \u043d\u0430\u0440\u043e\u0434\u043d\u044b\u0435 \u0441\u0440\u0435\u0434\u0441\u0442\u0432\u0430, \u043f\u0430\u043b\u043e\u043c\u043d\u0438\u0447\u0435\u0441\u0442\u0432\u043e \u0410\u043d\u043d\u043e\u0442\u0430\u0446\u0438\u044f:\u00a0\u0410\u0432\u0442\u043e\u0440 \u0430\u043d\u0430\u043b\u0438\u0437\u0438\u0440\u0443\u0435\u0442 \u043e\u0434\u043d\u043e \u0438\u0437 \u0438\u043d\u0442\u0435\u0440\u0435\u0441\u043d\u0435\u0439\u0448\u0438\u0445 \u044f\u0432\u043b\u0435\u043d\u0438\u0439 \u0434\u0443\u0445\u043e\u0432\u043d\u043e\u0439 \u043f\u0440\u0430\u043a\u0442\u0438\u043a\u0438 \u0438 \u043a\u0443\u043b\u044c\u0442\u0443\u0440\u044b \u2013 \u0441\u043d\u043e\u0432\u045d\u0434\u0435\u043d\u0438\u0435 \u0440\u0430\u0434\u0438 \u0438\u0441\u0446\u0435\u043b\u0435\u043d\u0438\u044f \u0431\u043e\u043b\u044c\u043d\u043e\u0433\u043e. \u0420\u0430\u0431\u043e\u0442\u0430 \u0432\u044b\u043f\u043e\u043b\u043d\u0435\u043d\u0430 \u043d\u0430 \u0440\u0430\u0437\u043d\u043e\u0432\u0440\u0435\u043c\u0435\u043d\u043d\u044b\u0445 \u043c\u0430\u0442\u0435\u0440\u0438\u0430\u043b\u0430\u0445 \u2013<\/p>\n","protected":false},"author":2,"featured_media":0,"parent":0,"menu_order":0,"comment_status":"open","ping_status":"open","template":"","meta":{"footnotes":""},"class_list":["post-3587","page","type-page","status-publish","hentry"],"_links":{"self":[{"href":"https:\/\/medanthro.ru\/index.php?rest_route=\/wp\/v2\/pages\/3587","targetHints":{"allow":["GET"]}}],"collection":[{"href":"https:\/\/medanthro.ru\/index.php?rest_route=\/wp\/v2\/pages"}],"about":[{"href":"https:\/\/medanthro.ru\/index.php?rest_route=\/wp\/v2\/types\/page"}],"author":[{"embeddable":true,"href":"https:\/\/medanthro.ru\/index.php?rest_route=\/wp\/v2\/users\/2"}],"replies":[{"embeddable":true,"href":"https:\/\/medanthro.ru\/index.php?rest_route=%2Fwp%2Fv2%2Fcomments&post=3587"}],"version-history":[{"count":0,"href":"https:\/\/medanthro.ru\/index.php?rest_route=\/wp\/v2\/pages\/3587\/revisions"}],"wp:attachment":[{"href":"https:\/\/medanthro.ru\/index.php?rest_route=%2Fwp%2Fv2%2Fmedia&parent=3587"}],"curies":[{"name":"wp","href":"https:\/\/api.w.org\/{rel}","templated":true}]}}